{"id":934,"date":"2020-12-05T14:28:30","date_gmt":"2020-12-05T13:28:30","guid":{"rendered":"https:\/\/www.distepha.com\/?page_id=934"},"modified":"2021-04-14T15:49:52","modified_gmt":"2021-04-14T13:49:52","slug":"die-idee","status":"publish","type":"page","link":"https:\/\/distepha.com\/?page_id=934&lang=de","title":{"rendered":"Unsere Partner"},"content":{"rendered":"\t\t<div data-elementor-type=\"wp-page\" data-elementor-id=\"934\" class=\"elementor elementor-934 elementor-471\" data-elementor-settings=\"[]\">\n\t\t\t\t\t\t<div class=\"elementor-inner\">\n\t\t\t\t\t\t\t<div class=\"elementor-section-wrap\">\n\t\t\t\t\t\t\t<section class=\"elementor-section elementor-top-section elementor-element elementor-element-933dcd3 elementor-section-height-min-height elementor-section-boxed elementor-section-height-default elementor-section-items-middle\" data-id=\"933dcd3\" data-element_type=\"section\" data-settings=\"{&quot;background_background&quot;:&quot;slideshow&quot;,&quot;background_slideshow_gallery&quot;:[{&quot;id&quot;:479,&quot;url&quot;:&quot;https:\\\/\\\/www.distepha.com\\\/wp-content\\\/uploads\\\/2020\\\/12\\\/farmers-holding-fresh-tomatoes-.jpg&quot;},{&quot;id&quot;:478,&quot;url&quot;:&quot;https:\\\/\\\/www.distepha.com\\\/wp-content\\\/uploads\\\/2020\\\/12\\\/assortment-or-farmer-market-bio-organic-ripe-vegetables-in-hands.jpg&quot;},{&quot;id&quot;:480,&quot;url&quot;:&quot;https:\\\/\\\/www.distepha.com\\\/wp-content\\\/uploads\\\/2020\\\/12\\\/assortment-or-farmer-market-bio-organic-ripe-root-vegetables.jpg&quot;}],&quot;background_slideshow_ken_burns&quot;:&quot;yes&quot;,&quot;background_slideshow_loop&quot;:&quot;yes&quot;,&quot;background_slideshow_slide_duration&quot;:5000,&quot;background_slideshow_slide_transition&quot;:&quot;fade&quot;,&quot;background_slideshow_transition_duration&quot;:500,&quot;background_slideshow_ken_burns_zoom_direction&quot;:&quot;in&quot;}\">\n\t\t\t\t\t\t\t<div class=\"elementor-background-overlay\"><\/div>\n\t\t\t\t\t\t\t<div class=\"elementor-container elementor-column-gap-no\">\n\t\t\t\t\t\t\t<div class=\"elementor-row\">\n\t\t\t\t\t<div class=\"elementor-column elementor-col-100 elementor-top-column elementor-element elementor-element-5228c0bd\" data-id=\"5228c0bd\" data-element_type=\"column\">\n\t\t\t<div class=\"elementor-column-wrap elementor-element-populated\">\n\t\t\t\t\t\t\t<div class=\"elementor-widget-wrap\">\n\t\t\t\t\t\t<div class=\"elementor-element elementor-element-677b13b elementor-widget elementor-widget-wpml-language-switcher\" data-id=\"677b13b\" data-element_type=\"widget\" data-widget_type=\"wpml-language-switcher.default\">\n\t\t\t\t<div class=\"elementor-widget-container\">\n\t\t\t<div class=\"wpml-elementor-ls\">\n<div class=\"wpml-ls-statics-footer wpml-ls wpml-ls-legacy-list-horizontal\">\n\t<ul><li class=\"wpml-ls-slot-footer wpml-ls-item wpml-ls-item-de wpml-ls-first-item wpml-ls-item-legacy-list-horizontal\">\n\t\t\t\t<a href=\"http:\/\/distepha.com\/?lang=de\" class=\"wpml-ls-link\"><img class=\"wpml-ls-flag\" src=\"https:\/\/distepha.com\/wp-content\/plugins\/sitepress-multilingual-cms\/res\/flags\/de.png\" alt=\"German\"><\/a>\n\t\t\t<\/li><li class=\"wpml-ls-slot-footer wpml-ls-item wpml-ls-item-en wpml-ls-current-language wpml-ls-item-legacy-list-horizontal\">\n\t\t\t\t<a href=\"http:\/\/distepha.com\" class=\"wpml-ls-link\"><img class=\"wpml-ls-flag\" src=\"https:\/\/distepha.com\/wp-content\/plugins\/sitepress-multilingual-cms\/res\/flags\/en.png\" alt=\"English\"><\/a>\n\t\t\t<\/li><li class=\"wpml-ls-slot-footer wpml-ls-item wpml-ls-item-es wpml-ls-item-legacy-list-horizontal\">\n\t\t\t\t<a href=\"http:\/\/distepha.com\/?lang=es\" class=\"wpml-ls-link\"><img class=\"wpml-ls-flag\" src=\"https:\/\/distepha.com\/wp-content\/plugins\/sitepress-multilingual-cms\/res\/flags\/es.png\" alt=\"Spanish\"><\/a>\n\t\t\t<\/li><li class=\"wpml-ls-slot-footer wpml-ls-item wpml-ls-item-fr wpml-ls-item-legacy-list-horizontal\">\n\t\t\t\t<a href=\"http:\/\/distepha.com\/?lang=fr\" class=\"wpml-ls-link\"><img class=\"wpml-ls-flag\" src=\"https:\/\/distepha.com\/wp-content\/plugins\/sitepress-multilingual-cms\/res\/flags\/fr.png\" alt=\"French\"><\/a>\n\t\t\t<\/li><li class=\"wpml-ls-slot-footer wpml-ls-item wpml-ls-item-nl wpml-ls-item-legacy-list-horizontal\">\n\t\t\t\t<a href=\"http:\/\/distepha.com\/?lang=nl\" class=\"wpml-ls-link\"><img class=\"wpml-ls-flag\" src=\"https:\/\/distepha.com\/wp-content\/plugins\/sitepress-multilingual-cms\/res\/flags\/nl.png\" alt=\"Dutch\"><\/a>\n\t\t\t<\/li><li class=\"wpml-ls-slot-footer wpml-ls-item wpml-ls-item-ru wpml-ls-last-item wpml-ls-item-legacy-list-horizontal\">\n\t\t\t\t<a href=\"http:\/\/distepha.com\/?lang=ru\" class=\"wpml-ls-link\"><img class=\"wpml-ls-flag\" src=\"https:\/\/distepha.com\/wp-content\/plugins\/sitepress-multilingual-cms\/res\/flags\/ru.png\" alt=\"Russian\"><\/a>\n\t\t\t<\/li><\/ul>\n<\/div>\n<\/div>\t\t<\/div>\n\t\t\t\t<\/div>\n\t\t\t\t<div class=\"elementor-element elementor-element-53ea192 elementor-widget elementor-widget-image\" data-id=\"53ea192\" data-element_type=\"widget\" data-widget_type=\"image.default\">\n\t\t\t\t<div class=\"elementor-widget-container\">\n\t\t\t\t\t<div class=\"elementor-image\">\n\t\t\t\t\t\t\t\t\t\t<img width=\"425\" height=\"234\" src=\"https:\/\/distepha.com\/wp-content\/uploads\/2020\/11\/logo-final-1.png\" class=\"attachment-large size-large\" alt=\"\" loading=\"lazy\" srcset=\"https:\/\/distepha.com\/wp-content\/uploads\/2020\/11\/logo-final-1.png 425w, https:\/\/distepha.com\/wp-content\/uploads\/2020\/11\/logo-final-1-300x165.png 300w\" sizes=\"(max-width: 425px) 100vw, 425px\" \/>\t\t\t\t\t\t\t\t\t\t\t<\/div>\n\t\t\t\t<\/div>\n\t\t\t\t<\/div>\n\t\t\t\t<div class=\"elementor-element elementor-element-5740cd09 elementor-widget elementor-widget-text-editor\" data-id=\"5740cd09\" data-element_type=\"widget\" data-widget_type=\"text-editor.default\">\n\t\t\t\t<div class=\"elementor-widget-container\">\n\t\t\t\t\t<div class=\"elementor-text-editor elementor-clearfix\"><\/div>\n\t\t\t\t<\/div>\n\t\t\t\t<\/div>\n\t\t\t\t\t\t<\/div>\n\t\t\t\t\t<\/div>\n\t\t<\/div>\n\t\t\t\t\t\t\t\t<\/div>\n\t\t\t\t\t<\/div>\n\t\t<\/section>\n\t\t\t\t<section class=\"elementor-section elementor-top-section elementor-element elementor-element-6fbb7c1c elementor-section-boxed elementor-section-height-default elementor-section-height-default\" data-id=\"6fbb7c1c\" data-element_type=\"section\" data-settings=\"{&quot;background_background&quot;:&quot;classic&quot;}\">\n\t\t\t\t\t\t<div class=\"elementor-container elementor-column-gap-default\">\n\t\t\t\t\t\t\t<div class=\"elementor-row\">\n\t\t\t\t\t<div class=\"elementor-column elementor-col-100 elementor-top-column elementor-element elementor-element-27247994\" data-id=\"27247994\" data-element_type=\"column\">\n\t\t\t<div class=\"elementor-column-wrap elementor-element-populated\">\n\t\t\t\t\t\t\t<div class=\"elementor-widget-wrap\">\n\t\t\t\t\t\t<div class=\"elementor-element elementor-element-6decb3f elementor-widget elementor-widget-heading\" data-id=\"6decb3f\" data-element_type=\"widget\" data-widget_type=\"heading.default\">\n\t\t\t\t<div class=\"elementor-widget-container\">\n\t\t\t<h2 class=\"elementor-heading-title elementor-size-default\">Unsere Partner<\/h2>\t\t<\/div>\n\t\t\t\t<\/div>\n\t\t\t\t<div class=\"elementor-element elementor-element-c28d68c elementor-widget-divider--view-line_icon elementor-view-default elementor-widget-divider--element-align-center elementor-widget elementor-widget-divider\" data-id=\"c28d68c\" data-element_type=\"widget\" data-widget_type=\"divider.default\">\n\t\t\t\t<div class=\"elementor-widget-container\">\n\t\t\t\t\t<div class=\"elementor-divider\">\n\t\t\t<span class=\"elementor-divider-separator\">\n\t\t\t\t\t\t\t<div class=\"elementor-icon elementor-divider__element\">\n\t\t\t\t\t<i aria-hidden=\"true\" class=\"fas fa-pepper-hot\"><\/i><\/div>\n\t\t\t\t\t\t<\/span>\n\t\t<\/div>\n\t\t\t\t<\/div>\n\t\t\t\t<\/div>\n\t\t\t\t<section class=\"elementor-section elementor-inner-section elementor-element elementor-element-7520e501 elementor-section-boxed elementor-section-height-default elementor-section-height-default\" data-id=\"7520e501\" data-element_type=\"section\">\n\t\t\t\t\t\t<div class=\"elementor-container elementor-column-gap-default\">\n\t\t\t\t\t\t\t<div class=\"elementor-row\">\n\t\t\t\t\t<div class=\"elementor-column elementor-col-100 elementor-inner-column elementor-element elementor-element-3259f9fc\" data-id=\"3259f9fc\" data-element_type=\"column\">\n\t\t\t<div class=\"elementor-column-wrap elementor-element-populated\">\n\t\t\t\t\t\t\t<div class=\"elementor-widget-wrap\">\n\t\t\t\t\t\t<div class=\"elementor-element elementor-element-3041dabb elementor-position-top elementor-vertical-align-top elementor-widget elementor-widget-image-box\" data-id=\"3041dabb\" data-element_type=\"widget\" data-widget_type=\"image-box.default\">\n\t\t\t\t<div class=\"elementor-widget-container\">\n\t\t\t<div class=\"elementor-image-box-wrapper\"><div class=\"elementor-image-box-content\"><p class=\"elementor-image-box-description\">Das Thema Nachhaltigkeit hat bei uns einen gro\u00dfen Stellenwert. Auch auf dieser Basis haben wir unsere Partner und Lieferanten entsprechend bewusst ausgew\u00e4hlt. In den verschiedenen Betrieben konnten wir uns davon \u00fcberzeugen, dass unsere Produkte und Zutaten umwelt- und naturbewusst angebaut und verarbeitet werden. Unsere sch\u00f6ne Region bietet uns leider nicht alle ben\u00f6tigten Produkte, aber die meisten unserer Zutaten kaufen wir regional.<\/p><\/div><\/div>\t\t<\/div>\n\t\t\t\t<\/div>\n\t\t\t\t<div class=\"elementor-element elementor-element-555a25da elementor-widget elementor-widget-spacer\" data-id=\"555a25da\" data-element_type=\"widget\" data-widget_type=\"spacer.default\">\n\t\t\t\t<div class=\"elementor-widget-container\">\n\t\t\t\t\t<div class=\"elementor-spacer\">\n\t\t\t<div class=\"elementor-spacer-inner\"><\/div>\n\t\t<\/div>\n\t\t\t\t<\/div>\n\t\t\t\t<\/div>\n\t\t\t\t\t\t<\/div>\n\t\t\t\t\t<\/div>\n\t\t<\/div>\n\t\t\t\t\t\t\t\t<\/div>\n\t\t\t\t\t<\/div>\n\t\t<\/section>\n\t\t\t\t<section class=\"elementor-section elementor-inner-section elementor-element elementor-element-2ea51cd5 elementor-section-boxed elementor-section-height-default elementor-section-height-default\" data-id=\"2ea51cd5\" data-element_type=\"section\">\n\t\t\t\t\t\t<div class=\"elementor-container elementor-column-gap-default\">\n\t\t\t\t\t\t\t<div class=\"elementor-row\">\n\t\t\t\t\t<div class=\"elementor-column elementor-col-100 elementor-inner-column elementor-element elementor-element-4dfc6fa\" data-id=\"4dfc6fa\" data-element_type=\"column\">\n\t\t\t<div class=\"elementor-column-wrap elementor-element-populated\">\n\t\t\t\t\t\t\t<div class=\"elementor-widget-wrap\">\n\t\t\t\t\t\t<div class=\"elementor-element elementor-element-445de7c elementor-invisible elementor-widget elementor-widget-image\" data-id=\"445de7c\" data-element_type=\"widget\" data-settings=\"{&quot;_animation&quot;:&quot;fadeIn&quot;}\" data-widget_type=\"image.default\">\n\t\t\t\t<div class=\"elementor-widget-container\">\n\t\t\t\t\t<div class=\"elementor-image\">\n\t\t\t\t\t\t\t\t\t\t\t<a href=\"https:\/\/der-virenputzer.de\/\" target=\"_blank\">\n\t\t\t\t\t\t\t<img width=\"150\" height=\"171\" src=\"https:\/\/distepha.com\/wp-content\/uploads\/2021\/02\/Virenputzer-Logo-klein.png\" class=\"attachment-large size-large\" alt=\"\" loading=\"lazy\" \/>\t\t\t\t\t\t\t\t<\/a>\n\t\t\t\t\t\t\t\t\t\t\t<\/div>\n\t\t\t\t<\/div>\n\t\t\t\t<\/div>\n\t\t\t\t<div class=\"elementor-element elementor-element-2595e83 elementor-widget elementor-widget-spacer\" data-id=\"2595e83\" data-element_type=\"widget\" data-widget_type=\"spacer.default\">\n\t\t\t\t<div class=\"elementor-widget-container\">\n\t\t\t\t\t<div class=\"elementor-spacer\">\n\t\t\t<div class=\"elementor-spacer-inner\"><\/div>\n\t\t<\/div>\n\t\t\t\t<\/div>\n\t\t\t\t<\/div>\n\t\t\t\t<div class=\"elementor-element elementor-element-d03cb9f elementor-invisible elementor-widget elementor-widget-image\" data-id=\"d03cb9f\" data-element_type=\"widget\" data-settings=\"{&quot;_animation&quot;:&quot;fadeIn&quot;}\" data-widget_type=\"image.default\">\n\t\t\t\t<div class=\"elementor-widget-container\">\n\t\t\t\t\t<div class=\"elementor-image\">\n\t\t\t\t\t\t\t\t\t\t\t<a href=\"http:\/\/www.patatasbeltran.com\/en\/inicio\/\" target=\"_blank\">\n\t\t\t\t\t\t\t<img width=\"294\" height=\"60\" src=\"https:\/\/distepha.com\/wp-content\/uploads\/2020\/12\/beltran.jpg\" class=\"attachment-large size-large\" alt=\"\" loading=\"lazy\" \/>\t\t\t\t\t\t\t\t<\/a>\n\t\t\t\t\t\t\t\t\t\t\t<\/div>\n\t\t\t\t<\/div>\n\t\t\t\t<\/div>\n\t\t\t\t<div class=\"elementor-element elementor-element-fb02313 elementor-widget elementor-widget-image\" data-id=\"fb02313\" data-element_type=\"widget\" data-widget_type=\"image.default\">\n\t\t\t\t<div class=\"elementor-widget-container\">\n\t\t\t\t\t<div class=\"elementor-image\">\n\t\t\t\t\t\t\t\t\t\t\t<a href=\"https:\/\/www.marimarweb.com\/\" target=\"_blank\">\n\t\t\t\t\t\t\t<img width=\"300\" height=\"97\" src=\"https:\/\/distepha.com\/wp-content\/uploads\/2020\/12\/logo-marimar-300x97.png\" class=\"attachment-medium size-medium\" alt=\"\" loading=\"lazy\" srcset=\"https:\/\/distepha.com\/wp-content\/uploads\/2020\/12\/logo-marimar-300x97.png 300w, https:\/\/distepha.com\/wp-content\/uploads\/2020\/12\/logo-marimar.png 391w\" sizes=\"(max-width: 300px) 100vw, 300px\" \/>\t\t\t\t\t\t\t\t<\/a>\n\t\t\t\t\t\t\t\t\t\t\t<\/div>\n\t\t\t\t<\/div>\n\t\t\t\t<\/div>\n\t\t\t\t<div class=\"elementor-element elementor-element-ef590d2 elementor-widget elementor-widget-spacer\" data-id=\"ef590d2\" data-element_type=\"widget\" data-widget_type=\"spacer.default\">\n\t\t\t\t<div class=\"elementor-widget-container\">\n\t\t\t\t\t<div class=\"elementor-spacer\">\n\t\t\t<div class=\"elementor-spacer-inner\"><\/div>\n\t\t<\/div>\n\t\t\t\t<\/div>\n\t\t\t\t<\/div>\n\t\t\t\t<div class=\"elementor-element elementor-element-c9e5af1 elementor-widget elementor-widget-image\" data-id=\"c9e5af1\" data-element_type=\"widget\" data-widget_type=\"image.default\">\n\t\t\t\t<div class=\"elementor-widget-container\">\n\t\t\t\t\t<div class=\"elementor-image\">\n\t\t\t\t\t\t\t\t\t\t\t<a href=\"https:\/\/mediterraneoessalud.com\/\" target=\"_blank\">\n\t\t\t\t\t\t\t<img width=\"255\" height=\"85\" src=\"https:\/\/distepha.com\/wp-content\/uploads\/2020\/12\/eltiendre.jpg\" class=\"attachment-large size-large\" alt=\"\" loading=\"lazy\" \/>\t\t\t\t\t\t\t\t<\/a>\n\t\t\t\t\t\t\t\t\t\t\t<\/div>\n\t\t\t\t<\/div>\n\t\t\t\t<\/div>\n\t\t\t\t\t\t<\/div>\n\t\t\t\t\t<\/div>\n\t\t<\/div>\n\t\t\t\t\t\t\t\t<\/div>\n\t\t\t\t\t<\/div>\n\t\t<\/section>\n\t\t\t\t<div class=\"elementor-element elementor-element-b0ce694 elementor-widget elementor-widget-spacer\" data-id=\"b0ce694\" data-element_type=\"widget\" data-widget_type=\"spacer.default\">\n\t\t\t\t<div class=\"elementor-widget-container\">\n\t\t\t\t\t<div class=\"elementor-spacer\">\n\t\t\t<div class=\"elementor-spacer-inner\"><\/div>\n\t\t<\/div>\n\t\t\t\t<\/div>\n\t\t\t\t<\/div>\n\t\t\t\t<div class=\"elementor-element elementor-element-1b3b818 elementor-widget elementor-widget-image\" data-id=\"1b3b818\" data-element_type=\"widget\" data-widget_type=\"image.default\">\n\t\t\t\t<div class=\"elementor-widget-container\">\n\t\t\t\t\t<div class=\"elementor-image\">\n\t\t\t\t\t\t\t\t\t\t\t<a href=\"https:\/\/mataderoorihuela.com\/\" target=\"_blank\">\n\t\t\t\t\t\t\t<img width=\"142\" height=\"128\" src=\"https:\/\/distepha.com\/wp-content\/uploads\/2020\/12\/logo-matadero.jpg\" class=\"attachment-thumbnail size-thumbnail\" alt=\"\" loading=\"lazy\" \/>\t\t\t\t\t\t\t\t<\/a>\n\t\t\t\t\t\t\t\t\t\t\t<\/div>\n\t\t\t\t<\/div>\n\t\t\t\t<\/div>\n\t\t\t\t<div class=\"elementor-element elementor-element-8d7b919 elementor-widget elementor-widget-spacer\" data-id=\"8d7b919\" data-element_type=\"widget\" data-widget_type=\"spacer.default\">\n\t\t\t\t<div class=\"elementor-widget-container\">\n\t\t\t\t\t<div class=\"elementor-spacer\">\n\t\t\t<div class=\"elementor-spacer-inner\"><\/div>\n\t\t<\/div>\n\t\t\t\t<\/div>\n\t\t\t\t<\/div>\n\t\t\t\t<div class=\"elementor-element elementor-element-2ce46d4 elementor-widget elementor-widget-image\" data-id=\"2ce46d4\" data-element_type=\"widget\" data-widget_type=\"image.default\">\n\t\t\t\t<div class=\"elementor-widget-container\">\n\t\t\t\t\t<div class=\"elementor-image\">\n\t\t\t\t\t\t\t\t\t\t\t<a href=\"https:\/\/fincaalmacil.com\/\" target=\"_blank\">\n\t\t\t\t\t\t\t<img width=\"300\" height=\"138\" src=\"https:\/\/distepha.com\/wp-content\/uploads\/2020\/12\/LOGO_FINCA_ALMACIL_ELCHE-1-300x138.jpg\" class=\"attachment-medium size-medium\" alt=\"\" loading=\"lazy\" srcset=\"https:\/\/distepha.com\/wp-content\/uploads\/2020\/12\/LOGO_FINCA_ALMACIL_ELCHE-1-300x138.jpg 300w, https:\/\/distepha.com\/wp-content\/uploads\/2020\/12\/LOGO_FINCA_ALMACIL_ELCHE-1.jpg 600w\" sizes=\"(max-width: 300px) 100vw, 300px\" \/>\t\t\t\t\t\t\t\t<\/a>\n\t\t\t\t\t\t\t\t\t\t\t<\/div>\n\t\t\t\t<\/div>\n\t\t\t\t<\/div>\n\t\t\t\t\t\t<\/div>\n\t\t\t\t\t<\/div>\n\t\t<\/div>\n\t\t\t\t\t\t\t\t<\/div>\n\t\t\t\t\t<\/div>\n\t\t<\/section>\n\t\t\t\t<section class=\"elementor-section elementor-top-section elementor-element elementor-element-62768c09 elementor-section-boxed elementor-section-height-default elementor-section-height-default\" data-id=\"62768c09\" data-element_type=\"section\" data-settings=\"{&quot;background_background&quot;:&quot;slideshow&quot;,&quot;background_slideshow_gallery&quot;:[{&quot;id&quot;:1440,&quot;url&quot;:&quot;https:\\\/\\\/www.distepha.com\\\/wp-content\\\/uploads\\\/2020\\\/12\\\/potatoes-1.jpg&quot;},{&quot;id&quot;:851,&quot;url&quot;:&quot;https:\\\/\\\/www.distepha.com\\\/wp-content\\\/uploads\\\/2020\\\/12\\\/vegetables.jpg&quot;}],&quot;background_slideshow_transition_duration&quot;:1200,&quot;background_slideshow_loop&quot;:&quot;yes&quot;,&quot;background_slideshow_slide_duration&quot;:5000,&quot;background_slideshow_slide_transition&quot;:&quot;fade&quot;}\">\n\t\t\t\t\t\t\t<div class=\"elementor-background-overlay\"><\/div>\n\t\t\t\t\t\t\t<div class=\"elementor-container elementor-column-gap-default\">\n\t\t\t\t\t\t\t<div class=\"elementor-row\">\n\t\t\t\t\t<div class=\"elementor-column elementor-col-100 elementor-top-column elementor-element elementor-element-5fd77c44\" data-id=\"5fd77c44\" data-element_type=\"column\">\n\t\t\t<div class=\"elementor-column-wrap elementor-element-populated\">\n\t\t\t\t\t\t\t<div class=\"elementor-widget-wrap\">\n\t\t\t\t\t\t<div class=\"elementor-element elementor-element-5ac69031 elementor-widget elementor-widget-heading\" data-id=\"5ac69031\" data-element_type=\"widget\" data-widget_type=\"heading.default\">\n\t\t\t\t<div class=\"elementor-widget-container\">\n\t\t\t<h2 class=\"elementor-heading-title elementor-size-default\">frische lokale Produkte - Sie werden es schmecken<\/h2>\t\t<\/div>\n\t\t\t\t<\/div>\n\t\t\t\t\t\t<\/div>\n\t\t\t\t\t<\/div>\n\t\t<\/div>\n\t\t\t\t\t\t\t\t<\/div>\n\t\t\t\t\t<\/div>\n\t\t<\/section>\n\t\t\t\t<section class=\"elementor-section elementor-top-section elementor-element elementor-element-15e3d08 elementor-section-boxed elementor-section-height-default elementor-section-height-default\" data-id=\"15e3d08\" data-element_type=\"section\">\n\t\t\t\t\t\t<div class=\"elementor-container elementor-column-gap-default\">\n\t\t\t\t\t\t\t<div class=\"elementor-row\">\n\t\t\t\t\t<div class=\"elementor-column elementor-col-100 elementor-top-column elementor-element elementor-element-b7ae12b\" data-id=\"b7ae12b\" data-element_type=\"column\">\n\t\t\t<div class=\"elementor-column-wrap elementor-element-populated\">\n\t\t\t\t\t\t\t<div class=\"elementor-widget-wrap\">\n\t\t\t\t\t\t<div class=\"elementor-element elementor-element-e21ed2a elementor-widget elementor-widget-spacer\" data-id=\"e21ed2a\" data-element_type=\"widget\" data-widget_type=\"spacer.default\">\n\t\t\t\t<div class=\"elementor-widget-container\">\n\t\t\t\t\t<div class=\"elementor-spacer\">\n\t\t\t<div class=\"elementor-spacer-inner\"><\/div>\n\t\t<\/div>\n\t\t\t\t<\/div>\n\t\t\t\t<\/div>\n\t\t\t\t\t\t<\/div>\n\t\t\t\t\t<\/div>\n\t\t<\/div>\n\t\t\t\t\t\t\t\t<\/div>\n\t\t\t\t\t<\/div>\n\t\t<\/section>\n\t\t\t\t\t\t<\/div>\n\t\t\t\t\t\t<\/div>\n\t\t\t\t\t<\/div>\n\t\t","protected":false},"excerpt":{"rendered":"<p>Unsere Partner Das Thema Nachhaltigkeit hat bei uns einen gro\u00dfen Stellenwert. Auch auf dieser Basis haben wir unsere Partner und Lieferanten entsprechend bewusst ausgew\u00e4hlt. In den verschiedenen Betrieben konnten wir uns davon \u00fcberzeugen, dass unsere Produkte und Zutaten umwelt- und naturbewusst angebaut und verarbeitet werden. Unsere sch\u00f6ne Region bietet uns leider nicht alle ben\u00f6tigten Produkte, [&hellip;]<\/p>\n","protected":false},"author":1,"featured_media":0,"parent":0,"menu_order":0,"comment_status":"closed","ping_status":"closed","template":"elementor_header_footer","meta":[],"_links":{"self":[{"href":"https:\/\/distepha.com\/index.php?rest_route=\/wp\/v2\/pages\/934"}],"collection":[{"href":"https:\/\/distepha.com\/index.php?rest_route=\/wp\/v2\/pages"}],"about":[{"href":"https:\/\/distepha.com\/index.php?rest_route=\/wp\/v2\/types\/page"}],"author":[{"embeddable":true,"href":"https:\/\/distepha.com\/index.php?rest_route=\/wp\/v2\/users\/1"}],"replies":[{"embeddable":true,"href":"https:\/\/distepha.com\/index.php?rest_route=%2Fwp%2Fv2%2Fcomments&post=934"}],"version-history":[{"count":35,"href":"https:\/\/distepha.com\/index.php?rest_route=\/wp\/v2\/pages\/934\/revisions"}],"predecessor-version":[{"id":3383,"href":"https:\/\/distepha.com\/index.php?rest_route=\/wp\/v2\/pages\/934\/revisions\/3383"}],"wp:attachment":[{"href":"https:\/\/distepha.com\/index.php?rest_route=%2Fwp%2Fv2%2Fmedia&parent=934"}],"curies":[{"name":"wp","href":"https:\/\/api.w.org\/{rel}","templated":true}]}}