{"id":3652,"date":"2021-05-19T12:50:57","date_gmt":"2021-05-19T10:50:57","guid":{"rendered":"https:\/\/www.distepha.com\/?page_id=3652"},"modified":"2021-05-20T10:06:05","modified_gmt":"2021-05-20T08:06:05","slug":"wochenangebot-2","status":"publish","type":"page","link":"https:\/\/distepha.com\/?page_id=3652&lang=de","title":{"rendered":"Treue"},"content":{"rendered":"\t\t<div data-elementor-type=\"wp-page\" data-elementor-id=\"3652\" class=\"elementor elementor-3652\" data-elementor-settings=\"[]\">\n\t\t\t\t\t\t<div class=\"elementor-inner\">\n\t\t\t\t\t\t\t<div class=\"elementor-section-wrap\">\n\t\t\t\t\t\t\t<section class=\"elementor-section elementor-top-section elementor-element elementor-element-6dd6af5b elementor-section-height-min-height elementor-section-boxed elementor-section-height-default elementor-section-items-middle\" data-id=\"6dd6af5b\" data-element_type=\"section\" data-settings=\"{&quot;background_background&quot;:&quot;slideshow&quot;,&quot;background_slideshow_gallery&quot;:[{&quot;id&quot;:3713,&quot;url&quot;:&quot;https:\\\/\\\/www.distepha.com\\\/wp-content\\\/uploads\\\/2021\\\/05\\\/pass7.jpg&quot;}],&quot;background_slideshow_ken_burns&quot;:&quot;yes&quot;,&quot;background_slideshow_loop&quot;:&quot;yes&quot;,&quot;background_slideshow_slide_duration&quot;:5000,&quot;background_slideshow_slide_transition&quot;:&quot;fade&quot;,&quot;background_slideshow_transition_duration&quot;:500,&quot;background_slideshow_ken_burns_zoom_direction&quot;:&quot;in&quot;}\">\n\t\t\t\t\t\t\t<div class=\"elementor-background-overlay\"><\/div>\n\t\t\t\t\t\t\t<div class=\"elementor-container elementor-column-gap-no\">\n\t\t\t\t\t\t\t<div class=\"elementor-row\">\n\t\t\t\t\t<div class=\"elementor-column elementor-col-100 elementor-top-column elementor-element elementor-element-69719ae7\" data-id=\"69719ae7\" data-element_type=\"column\">\n\t\t\t<div class=\"elementor-column-wrap elementor-element-populated\">\n\t\t\t\t\t\t\t<div class=\"elementor-widget-wrap\">\n\t\t\t\t\t\t<div class=\"elementor-element elementor-element-444645c elementor-widget elementor-widget-wpml-language-switcher\" data-id=\"444645c\" data-element_type=\"widget\" data-widget_type=\"wpml-language-switcher.default\">\n\t\t\t\t<div class=\"elementor-widget-container\">\n\t\t\t<div class=\"wpml-elementor-ls\">\n<div class=\"wpml-ls-statics-footer wpml-ls wpml-ls-legacy-list-horizontal\">\n\t<ul><li class=\"wpml-ls-slot-footer wpml-ls-item wpml-ls-item-de wpml-ls-first-item wpml-ls-item-legacy-list-horizontal\">\n\t\t\t\t<a href=\"http:\/\/distepha.com\/?lang=de\" class=\"wpml-ls-link\"><img class=\"wpml-ls-flag\" src=\"https:\/\/distepha.com\/wp-content\/plugins\/sitepress-multilingual-cms\/res\/flags\/de.png\" alt=\"German\"><\/a>\n\t\t\t<\/li><li class=\"wpml-ls-slot-footer wpml-ls-item wpml-ls-item-en wpml-ls-current-language wpml-ls-item-legacy-list-horizontal\">\n\t\t\t\t<a href=\"http:\/\/distepha.com\" class=\"wpml-ls-link\"><img class=\"wpml-ls-flag\" src=\"https:\/\/distepha.com\/wp-content\/plugins\/sitepress-multilingual-cms\/res\/flags\/en.png\" alt=\"English\"><\/a>\n\t\t\t<\/li><li class=\"wpml-ls-slot-footer wpml-ls-item wpml-ls-item-es wpml-ls-item-legacy-list-horizontal\">\n\t\t\t\t<a href=\"http:\/\/distepha.com\/?lang=es\" class=\"wpml-ls-link\"><img class=\"wpml-ls-flag\" src=\"https:\/\/distepha.com\/wp-content\/plugins\/sitepress-multilingual-cms\/res\/flags\/es.png\" alt=\"Spanish\"><\/a>\n\t\t\t<\/li><li class=\"wpml-ls-slot-footer wpml-ls-item wpml-ls-item-fr wpml-ls-item-legacy-list-horizontal\">\n\t\t\t\t<a href=\"http:\/\/distepha.com\/?lang=fr\" class=\"wpml-ls-link\"><img class=\"wpml-ls-flag\" src=\"https:\/\/distepha.com\/wp-content\/plugins\/sitepress-multilingual-cms\/res\/flags\/fr.png\" alt=\"French\"><\/a>\n\t\t\t<\/li><li class=\"wpml-ls-slot-footer wpml-ls-item wpml-ls-item-nl wpml-ls-item-legacy-list-horizontal\">\n\t\t\t\t<a href=\"http:\/\/distepha.com\/?lang=nl\" class=\"wpml-ls-link\"><img class=\"wpml-ls-flag\" src=\"https:\/\/distepha.com\/wp-content\/plugins\/sitepress-multilingual-cms\/res\/flags\/nl.png\" alt=\"Dutch\"><\/a>\n\t\t\t<\/li><li class=\"wpml-ls-slot-footer wpml-ls-item wpml-ls-item-ru wpml-ls-last-item wpml-ls-item-legacy-list-horizontal\">\n\t\t\t\t<a href=\"http:\/\/distepha.com\/?lang=ru\" class=\"wpml-ls-link\"><img class=\"wpml-ls-flag\" src=\"https:\/\/distepha.com\/wp-content\/plugins\/sitepress-multilingual-cms\/res\/flags\/ru.png\" alt=\"Russian\"><\/a>\n\t\t\t<\/li><\/ul>\n<\/div>\n<\/div>\t\t<\/div>\n\t\t\t\t<\/div>\n\t\t\t\t<div class=\"elementor-element elementor-element-a1789de elementor-widget elementor-widget-image\" data-id=\"a1789de\" data-element_type=\"widget\" data-widget_type=\"image.default\">\n\t\t\t\t<div class=\"elementor-widget-container\">\n\t\t\t\t\t<div class=\"elementor-image\">\n\t\t\t\t\t\t\t\t\t\t<img width=\"425\" height=\"234\" src=\"https:\/\/distepha.com\/wp-content\/uploads\/2020\/11\/logo-final-1.png\" class=\"attachment-large size-large\" alt=\"\" loading=\"lazy\" srcset=\"https:\/\/distepha.com\/wp-content\/uploads\/2020\/11\/logo-final-1.png 425w, https:\/\/distepha.com\/wp-content\/uploads\/2020\/11\/logo-final-1-300x165.png 300w\" sizes=\"(max-width: 425px) 100vw, 425px\" \/>\t\t\t\t\t\t\t\t\t\t\t<\/div>\n\t\t\t\t<\/div>\n\t\t\t\t<\/div>\n\t\t\t\t<div class=\"elementor-element elementor-element-20639d4b elementor-widget elementor-widget-heading\" data-id=\"20639d4b\" data-element_type=\"widget\" data-widget_type=\"heading.default\">\n\t\t\t\t<div class=\"elementor-widget-container\">\n\t\t\t<h2 class=\"elementor-heading-title elementor-size-default\">Distepha Treuekarte<\/h2>\t\t<\/div>\n\t\t\t\t<\/div>\n\t\t\t\t\t\t<\/div>\n\t\t\t\t\t<\/div>\n\t\t<\/div>\n\t\t\t\t\t\t\t\t<\/div>\n\t\t\t\t\t<\/div>\n\t\t<\/section>\n\t\t\t\t<section class=\"elementor-section elementor-top-section elementor-element elementor-element-ca9936b elementor-section-boxed elementor-section-height-default elementor-section-height-default\" data-id=\"ca9936b\" data-element_type=\"section\" data-settings=\"{&quot;background_background&quot;:&quot;classic&quot;}\">\n\t\t\t\t\t\t<div class=\"elementor-container elementor-column-gap-default\">\n\t\t\t\t\t\t\t<div class=\"elementor-row\">\n\t\t\t\t\t<div class=\"elementor-column elementor-col-100 elementor-top-column elementor-element elementor-element-fe3e311\" data-id=\"fe3e311\" data-element_type=\"column\">\n\t\t\t<div class=\"elementor-column-wrap elementor-element-populated\">\n\t\t\t\t\t\t\t<div class=\"elementor-widget-wrap\">\n\t\t\t\t\t\t<div class=\"elementor-element elementor-element-ba846e2 elementor-widget-divider--view-line_icon elementor-view-default elementor-widget-divider--element-align-center elementor-widget elementor-widget-divider\" data-id=\"ba846e2\" data-element_type=\"widget\" data-widget_type=\"divider.default\">\n\t\t\t\t<div class=\"elementor-widget-container\">\n\t\t\t\t\t<div class=\"elementor-divider\">\n\t\t\t<span class=\"elementor-divider-separator\">\n\t\t\t\t\t\t\t<div class=\"elementor-icon elementor-divider__element\">\n\t\t\t\t\t<i aria-hidden=\"true\" class=\"fas fa-pepper-hot\"><\/i><\/div>\n\t\t\t\t\t\t<\/span>\n\t\t<\/div>\n\t\t\t\t<\/div>\n\t\t\t\t<\/div>\n\t\t\t\t<div class=\"elementor-element elementor-element-b2cefef elementor-invisible elementor-widget elementor-widget-image\" data-id=\"b2cefef\" data-element_type=\"widget\" data-settings=\"{&quot;_animation&quot;:&quot;bounceInLeft&quot;}\" data-widget_type=\"image.default\">\n\t\t\t\t<div class=\"elementor-widget-container\">\n\t\t\t\t\t<div class=\"elementor-image\">\n\t\t\t\t\t\t\t\t\t\t<img width=\"800\" height=\"323\" src=\"https:\/\/distepha.com\/wp-content\/uploads\/2021\/05\/tre-ohne.png\" class=\"attachment-large size-large\" alt=\"\" loading=\"lazy\" srcset=\"https:\/\/distepha.com\/wp-content\/uploads\/2021\/05\/tre-ohne.png 816w, https:\/\/distepha.com\/wp-content\/uploads\/2021\/05\/tre-ohne-300x121.png 300w, https:\/\/distepha.com\/wp-content\/uploads\/2021\/05\/tre-ohne-768x310.png 768w\" sizes=\"(max-width: 800px) 100vw, 800px\" \/>\t\t\t\t\t\t\t\t\t\t\t<\/div>\n\t\t\t\t<\/div>\n\t\t\t\t<\/div>\n\t\t\t\t<div class=\"elementor-element elementor-element-9306a3f elementor-widget elementor-widget-text-editor\" data-id=\"9306a3f\" data-element_type=\"widget\" data-widget_type=\"text-editor.default\">\n\t\t\t\t<div class=\"elementor-widget-container\">\n\t\t\t\t\t<div class=\"elementor-text-editor elementor-clearfix\"><p style=\"text-align: center;\"><b>Treue wird bei uns richtig belohnt!<\/b><br \/>Holen Sie sich Ihre pers\u00f6nliche Treuekarte an unserem Wagen ab und wir belohnen Ihre Treue.<br \/>Sie essen 9x f\u00fcr mindestens \u20ac 4,50 bei uns und wir laden Sie zu dem 10. Mal ein.<br \/><b>Hierbei k\u00f6nnen Sie aus s\u00e4mtlichen unserer Speiseangebote frei w\u00e4hlen.<br \/><br \/><\/b>Getr\u00e4nke sind von der Treuekarte ausgeschlossen.<\/p><\/div>\n\t\t\t\t<\/div>\n\t\t\t\t<\/div>\n\t\t\t\t<div class=\"elementor-element elementor-element-fde1786 elementor-widget-divider--view-line_icon elementor-view-default elementor-widget-divider--element-align-center elementor-widget elementor-widget-divider\" data-id=\"fde1786\" data-element_type=\"widget\" data-widget_type=\"divider.default\">\n\t\t\t\t<div class=\"elementor-widget-container\">\n\t\t\t\t\t<div class=\"elementor-divider\">\n\t\t\t<span class=\"elementor-divider-separator\">\n\t\t\t\t\t\t\t<div class=\"elementor-icon elementor-divider__element\">\n\t\t\t\t\t<i aria-hidden=\"true\" class=\"fas fa-pepper-hot\"><\/i><\/div>\n\t\t\t\t\t\t<\/span>\n\t\t<\/div>\n\t\t\t\t<\/div>\n\t\t\t\t<\/div>\n\t\t\t\t\t\t<\/div>\n\t\t\t\t\t<\/div>\n\t\t<\/div>\n\t\t\t\t\t\t\t\t<\/div>\n\t\t\t\t\t<\/div>\n\t\t<\/section>\n\t\t\t\t<section class=\"elementor-section elementor-top-section elementor-element elementor-element-1ff2b6a2 elementor-section-boxed elementor-section-height-default elementor-section-height-default\" data-id=\"1ff2b6a2\" data-element_type=\"section\" data-settings=\"{&quot;background_background&quot;:&quot;slideshow&quot;,&quot;background_slideshow_gallery&quot;:[{&quot;id&quot;:757,&quot;url&quot;:&quot;https:\\\/\\\/www.distepha.com\\\/wp-content\\\/uploads\\\/2020\\\/11\\\/roasting-pizza.jpg&quot;}],&quot;background_slideshow_loop&quot;:&quot;yes&quot;,&quot;background_slideshow_slide_duration&quot;:5000,&quot;background_slideshow_slide_transition&quot;:&quot;fade&quot;,&quot;background_slideshow_transition_duration&quot;:500}\">\n\t\t\t\t\t\t\t<div class=\"elementor-background-overlay\"><\/div>\n\t\t\t\t\t\t\t<div class=\"elementor-container elementor-column-gap-default\">\n\t\t\t\t\t\t\t<div class=\"elementor-row\">\n\t\t\t\t\t<div class=\"elementor-column elementor-col-100 elementor-top-column elementor-element elementor-element-9869c17\" data-id=\"9869c17\" data-element_type=\"column\">\n\t\t\t<div class=\"elementor-column-wrap\">\n\t\t\t\t\t\t\t<div class=\"elementor-widget-wrap\">\n\t\t\t\t\t\t\t\t<\/div>\n\t\t\t\t\t<\/div>\n\t\t<\/div>\n\t\t\t\t\t\t\t\t<\/div>\n\t\t\t\t\t<\/div>\n\t\t<\/section>\n\t\t\t\t\t\t<\/div>\n\t\t\t\t\t\t<\/div>\n\t\t\t\t\t<\/div>\n\t\t","protected":false},"excerpt":{"rendered":"<p>Distepha Treuekarte Treue wird bei uns richtig belohnt!Holen Sie sich Ihre pers\u00f6nliche Treuekarte an unserem Wagen ab und wir belohnen Ihre Treue.Sie essen 9x f\u00fcr mindestens \u20ac 4,50 bei uns und wir laden Sie zu dem 10. Mal ein.Hierbei k\u00f6nnen Sie aus s\u00e4mtlichen unserer Speiseangebote frei w\u00e4hlen. Getr\u00e4nke sind von der Treuekarte ausgeschlossen.<\/p>\n","protected":false},"author":1,"featured_media":0,"parent":0,"menu_order":0,"comment_status":"closed","ping_status":"closed","template":"elementor_header_footer","meta":[],"_links":{"self":[{"href":"https:\/\/distepha.com\/index.php?rest_route=\/wp\/v2\/pages\/3652"}],"collection":[{"href":"https:\/\/distepha.com\/index.php?rest_route=\/wp\/v2\/pages"}],"about":[{"href":"https:\/\/distepha.com\/index.php?rest_route=\/wp\/v2\/types\/page"}],"author":[{"embeddable":true,"href":"https:\/\/distepha.com\/index.php?rest_route=\/wp\/v2\/users\/1"}],"replies":[{"embeddable":true,"href":"https:\/\/distepha.com\/index.php?rest_route=%2Fwp%2Fv2%2Fcomments&post=3652"}],"version-history":[{"count":30,"href":"https:\/\/distepha.com\/index.php?rest_route=\/wp\/v2\/pages\/3652\/revisions"}],"predecessor-version":[{"id":3949,"href":"https:\/\/distepha.com\/index.php?rest_route=\/wp\/v2\/pages\/3652\/revisions\/3949"}],"wp:attachment":[{"href":"https:\/\/distepha.com\/index.php?rest_route=%2Fwp%2Fv2%2Fmedia&parent=3652"}],"curies":[{"name":"wp","href":"https:\/\/api.w.org\/{rel}","templated":true}]}}