{"id":3333,"date":"2021-04-13T12:02:47","date_gmt":"2021-04-13T10:02:47","guid":{"rendered":"https:\/\/www.distepha.com\/?page_id=3333"},"modified":"2021-04-13T12:03:58","modified_gmt":"2021-04-13T10:03:58","slug":"traiteur","status":"publish","type":"page","link":"https:\/\/distepha.com\/?page_id=3333&lang=fr","title":{"rendered":"Traiteur"},"content":{"rendered":"\t\t<div data-elementor-type=\"wp-page\" data-elementor-id=\"3333\" class=\"elementor elementor-3333 elementor-3209\" data-elementor-settings=\"[]\">\n\t\t\t\t\t\t<div class=\"elementor-inner\">\n\t\t\t\t\t\t\t<div class=\"elementor-section-wrap\">\n\t\t\t\t\t\t\t<section class=\"elementor-section elementor-top-section elementor-element elementor-element-3424eaeb elementor-section-boxed elementor-section-height-default elementor-section-height-default\" data-id=\"3424eaeb\" data-element_type=\"section\">\n\t\t\t\t\t\t<div class=\"elementor-container elementor-column-gap-default\">\n\t\t\t\t\t\t\t<div class=\"elementor-row\">\n\t\t\t\t\t<div class=\"elementor-column elementor-col-100 elementor-top-column elementor-element elementor-element-41cebb0a\" data-id=\"41cebb0a\" data-element_type=\"column\">\n\t\t\t<div class=\"elementor-column-wrap\">\n\t\t\t\t\t\t\t<div class=\"elementor-widget-wrap\">\n\t\t\t\t\t\t\t\t<\/div>\n\t\t\t\t\t<\/div>\n\t\t<\/div>\n\t\t\t\t\t\t\t\t<\/div>\n\t\t\t\t\t<\/div>\n\t\t<\/section>\n\t\t\t\t<section class=\"elementor-section elementor-top-section elementor-element elementor-element-25ed4460 elementor-section-height-min-height elementor-section-boxed elementor-section-height-default elementor-section-items-middle\" data-id=\"25ed4460\" data-element_type=\"section\" data-settings=\"{&quot;background_background&quot;:&quot;slideshow&quot;,&quot;background_slideshow_gallery&quot;:[{&quot;id&quot;:3214,&quot;url&quot;:&quot;https:\\\/\\\/www.distepha.com\\\/wp-content\\\/uploads\\\/2021\\\/04\\\/catering1.jpg&quot;},{&quot;id&quot;:3220,&quot;url&quot;:&quot;https:\\\/\\\/www.distepha.com\\\/wp-content\\\/uploads\\\/2021\\\/04\\\/cat2.jpg&quot;},{&quot;id&quot;:3226,&quot;url&quot;:&quot;https:\\\/\\\/www.distepha.com\\\/wp-content\\\/uploads\\\/2021\\\/04\\\/cat3.jpg&quot;}],&quot;background_slideshow_ken_burns&quot;:&quot;yes&quot;,&quot;background_slideshow_slide_duration&quot;:7000,&quot;background_slideshow_loop&quot;:&quot;yes&quot;,&quot;background_slideshow_slide_transition&quot;:&quot;fade&quot;,&quot;background_slideshow_transition_duration&quot;:500,&quot;background_slideshow_ken_burns_zoom_direction&quot;:&quot;in&quot;}\">\n\t\t\t\t\t\t\t<div class=\"elementor-background-overlay\"><\/div>\n\t\t\t\t\t\t\t<div class=\"elementor-container elementor-column-gap-no\">\n\t\t\t\t\t\t\t<div class=\"elementor-row\">\n\t\t\t\t\t<div class=\"elementor-column elementor-col-100 elementor-top-column elementor-element elementor-element-3026972\" data-id=\"3026972\" data-element_type=\"column\">\n\t\t\t<div class=\"elementor-column-wrap elementor-element-populated\">\n\t\t\t\t\t\t\t<div class=\"elementor-widget-wrap\">\n\t\t\t\t\t\t<div class=\"elementor-element elementor-element-4dc9dda7 elementor-widget elementor-widget-wpml-language-switcher\" data-id=\"4dc9dda7\" data-element_type=\"widget\" data-widget_type=\"wpml-language-switcher.default\">\n\t\t\t\t<div class=\"elementor-widget-container\">\n\t\t\t<div class=\"wpml-elementor-ls\">\n<div class=\"wpml-ls-statics-footer wpml-ls wpml-ls-legacy-list-horizontal\">\n\t<ul><li class=\"wpml-ls-slot-footer wpml-ls-item wpml-ls-item-de wpml-ls-first-item wpml-ls-item-legacy-list-horizontal\">\n\t\t\t\t<a href=\"http:\/\/distepha.com\/?lang=de\" class=\"wpml-ls-link\"><img class=\"wpml-ls-flag\" src=\"https:\/\/distepha.com\/wp-content\/plugins\/sitepress-multilingual-cms\/res\/flags\/de.png\" alt=\"German\"><\/a>\n\t\t\t<\/li><li class=\"wpml-ls-slot-footer wpml-ls-item wpml-ls-item-en wpml-ls-current-language wpml-ls-item-legacy-list-horizontal\">\n\t\t\t\t<a href=\"http:\/\/distepha.com\" class=\"wpml-ls-link\"><img class=\"wpml-ls-flag\" src=\"https:\/\/distepha.com\/wp-content\/plugins\/sitepress-multilingual-cms\/res\/flags\/en.png\" alt=\"English\"><\/a>\n\t\t\t<\/li><li class=\"wpml-ls-slot-footer wpml-ls-item wpml-ls-item-es wpml-ls-item-legacy-list-horizontal\">\n\t\t\t\t<a href=\"http:\/\/distepha.com\/?lang=es\" class=\"wpml-ls-link\"><img class=\"wpml-ls-flag\" src=\"https:\/\/distepha.com\/wp-content\/plugins\/sitepress-multilingual-cms\/res\/flags\/es.png\" alt=\"Spanish\"><\/a>\n\t\t\t<\/li><li class=\"wpml-ls-slot-footer wpml-ls-item wpml-ls-item-fr wpml-ls-item-legacy-list-horizontal\">\n\t\t\t\t<a href=\"http:\/\/distepha.com\/?lang=fr\" class=\"wpml-ls-link\"><img class=\"wpml-ls-flag\" src=\"https:\/\/distepha.com\/wp-content\/plugins\/sitepress-multilingual-cms\/res\/flags\/fr.png\" alt=\"French\"><\/a>\n\t\t\t<\/li><li class=\"wpml-ls-slot-footer wpml-ls-item wpml-ls-item-nl wpml-ls-item-legacy-list-horizontal\">\n\t\t\t\t<a href=\"http:\/\/distepha.com\/?lang=nl\" class=\"wpml-ls-link\"><img class=\"wpml-ls-flag\" src=\"https:\/\/distepha.com\/wp-content\/plugins\/sitepress-multilingual-cms\/res\/flags\/nl.png\" alt=\"Dutch\"><\/a>\n\t\t\t<\/li><li class=\"wpml-ls-slot-footer wpml-ls-item wpml-ls-item-ru wpml-ls-last-item wpml-ls-item-legacy-list-horizontal\">\n\t\t\t\t<a href=\"http:\/\/distepha.com\/?lang=ru\" class=\"wpml-ls-link\"><img class=\"wpml-ls-flag\" src=\"https:\/\/distepha.com\/wp-content\/plugins\/sitepress-multilingual-cms\/res\/flags\/ru.png\" alt=\"Russian\"><\/a>\n\t\t\t<\/li><\/ul>\n<\/div>\n<\/div>\t\t<\/div>\n\t\t\t\t<\/div>\n\t\t\t\t<div class=\"elementor-element elementor-element-7dae07b6 elementor-widget elementor-widget-image\" data-id=\"7dae07b6\" data-element_type=\"widget\" data-widget_type=\"image.default\">\n\t\t\t\t<div class=\"elementor-widget-container\">\n\t\t\t\t\t<div class=\"elementor-image\">\n\t\t\t\t\t\t\t\t\t\t<img width=\"425\" height=\"234\" src=\"https:\/\/distepha.com\/wp-content\/uploads\/2020\/11\/logo-final-1.png\" class=\"attachment-large size-large\" alt=\"\" loading=\"lazy\" srcset=\"https:\/\/distepha.com\/wp-content\/uploads\/2020\/11\/logo-final-1.png 425w, https:\/\/distepha.com\/wp-content\/uploads\/2020\/11\/logo-final-1-300x165.png 300w\" sizes=\"(max-width: 425px) 100vw, 425px\" \/>\t\t\t\t\t\t\t\t\t\t\t<\/div>\n\t\t\t\t<\/div>\n\t\t\t\t<\/div>\n\t\t\t\t<div class=\"elementor-element elementor-element-65ec0803 elementor-widget elementor-widget-text-editor\" data-id=\"65ec0803\" data-element_type=\"widget\" data-widget_type=\"text-editor.default\">\n\t\t\t\t<div class=\"elementor-widget-container\">\n\t\t\t\t\t<div class=\"elementor-text-editor elementor-clearfix\"><\/div>\n\t\t\t\t<\/div>\n\t\t\t\t<\/div>\n\t\t\t\t\t\t<\/div>\n\t\t\t\t\t<\/div>\n\t\t<\/div>\n\t\t\t\t\t\t\t\t<\/div>\n\t\t\t\t\t<\/div>\n\t\t<\/section>\n\t\t\t\t<section class=\"elementor-section elementor-top-section elementor-element elementor-element-6e6e1114 elementor-section-boxed elementor-section-height-default elementor-section-height-default\" data-id=\"6e6e1114\" data-element_type=\"section\" data-settings=\"{&quot;background_background&quot;:&quot;classic&quot;}\">\n\t\t\t\t\t\t<div class=\"elementor-container elementor-column-gap-default\">\n\t\t\t\t\t\t\t<div class=\"elementor-row\">\n\t\t\t\t\t<div class=\"elementor-column elementor-col-100 elementor-top-column elementor-element elementor-element-4a41c7bc\" data-id=\"4a41c7bc\" data-element_type=\"column\">\n\t\t\t<div class=\"elementor-column-wrap elementor-element-populated\">\n\t\t\t\t\t\t\t<div class=\"elementor-widget-wrap\">\n\t\t\t\t\t\t<div class=\"elementor-element elementor-element-b0b7728 elementor-widget-divider--view-line_icon elementor-view-default elementor-widget-divider--element-align-center elementor-widget elementor-widget-divider\" data-id=\"b0b7728\" data-element_type=\"widget\" data-widget_type=\"divider.default\">\n\t\t\t\t<div class=\"elementor-widget-container\">\n\t\t\t\t\t<div class=\"elementor-divider\">\n\t\t\t<span class=\"elementor-divider-separator\">\n\t\t\t\t\t\t\t<div class=\"elementor-icon elementor-divider__element\">\n\t\t\t\t\t<i aria-hidden=\"true\" class=\"fas fa-pepper-hot\"><\/i><\/div>\n\t\t\t\t\t\t<\/span>\n\t\t<\/div>\n\t\t\t\t<\/div>\n\t\t\t\t<\/div>\n\t\t\t\t<section class=\"elementor-section elementor-inner-section elementor-element elementor-element-13ded272 elementor-section-boxed elementor-section-height-default elementor-section-height-default\" data-id=\"13ded272\" data-element_type=\"section\">\n\t\t\t\t\t\t<div class=\"elementor-container elementor-column-gap-default\">\n\t\t\t\t\t\t\t<div class=\"elementor-row\">\n\t\t\t\t\t<div class=\"elementor-column elementor-col-100 elementor-inner-column elementor-element elementor-element-725f6b70\" data-id=\"725f6b70\" data-element_type=\"column\">\n\t\t\t<div class=\"elementor-column-wrap elementor-element-populated\">\n\t\t\t\t\t\t\t<div class=\"elementor-widget-wrap\">\n\t\t\t\t\t\t<div class=\"elementor-element elementor-element-d638971 elementor-widget elementor-widget-text-editor\" data-id=\"d638971\" data-element_type=\"widget\" data-widget_type=\"text-editor.default\">\n\t\t\t\t<div class=\"elementor-widget-container\">\n\t\t\t\t\t<div class=\"elementor-text-editor elementor-clearfix\"><p>Vous organisez une f\u00eate de famille ou de confirmation ?<br \/>Vous voulez f\u00eater votre anniversaire et avoir enfin du temps pour vos invit\u00e9s ?<br \/>Dans ce cas, notre offre de restauration pourrait bien \u00eatre la bonne pour vous.<br \/>Nous organisons votre c\u00e9l\u00e9bration avec vous et pouvons servir les plats mentionn\u00e9s pr\u00e9c\u00e9demment directement depuis notre food truck,<br \/>ou nous les livrons (dans des conteneurs thermiques) directement chez vous.<\/p><\/div>\n\t\t\t\t<\/div>\n\t\t\t\t<\/div>\n\t\t\t\t<div class=\"elementor-element elementor-element-ed87e89 elementor-widget elementor-widget-image\" data-id=\"ed87e89\" data-element_type=\"widget\" data-widget_type=\"image.default\">\n\t\t\t\t<div class=\"elementor-widget-container\">\n\t\t\t\t\t<div class=\"elementor-image\">\n\t\t\t\t\t\t\t\t\t\t<img width=\"768\" height=\"581\" src=\"https:\/\/distepha.com\/wp-content\/uploads\/2020\/12\/neu-1-768x581.jpg\" class=\"attachment-medium_large size-medium_large\" alt=\"\" loading=\"lazy\" srcset=\"https:\/\/distepha.com\/wp-content\/uploads\/2020\/12\/neu-1-768x581.jpg 768w, https:\/\/distepha.com\/wp-content\/uploads\/2020\/12\/neu-1-300x227.jpg 300w, https:\/\/distepha.com\/wp-content\/uploads\/2020\/12\/neu-1.jpg 900w\" sizes=\"(max-width: 768px) 100vw, 768px\" \/>\t\t\t\t\t\t\t\t\t\t\t<\/div>\n\t\t\t\t<\/div>\n\t\t\t\t<\/div>\n\t\t\t\t\t\t<\/div>\n\t\t\t\t\t<\/div>\n\t\t<\/div>\n\t\t\t\t\t\t\t\t<\/div>\n\t\t\t\t\t<\/div>\n\t\t<\/section>\n\t\t\t\t<div class=\"elementor-element elementor-element-c3de98d elementor-widget elementor-widget-spacer\" data-id=\"c3de98d\" data-element_type=\"widget\" data-widget_type=\"spacer.default\">\n\t\t\t\t<div class=\"elementor-widget-container\">\n\t\t\t\t\t<div class=\"elementor-spacer\">\n\t\t\t<div class=\"elementor-spacer-inner\"><\/div>\n\t\t<\/div>\n\t\t\t\t<\/div>\n\t\t\t\t<\/div>\n\t\t\t\t<div class=\"elementor-element elementor-element-0a3378b elementor-widget-divider--view-line_icon elementor-view-default elementor-widget-divider--element-align-center elementor-widget elementor-widget-divider\" data-id=\"0a3378b\" data-element_type=\"widget\" data-widget_type=\"divider.default\">\n\t\t\t\t<div class=\"elementor-widget-container\">\n\t\t\t\t\t<div class=\"elementor-divider\">\n\t\t\t<span class=\"elementor-divider-separator\">\n\t\t\t\t\t\t\t<div class=\"elementor-icon elementor-divider__element\">\n\t\t\t\t\t<i aria-hidden=\"true\" class=\"fas fa-pepper-hot\"><\/i><\/div>\n\t\t\t\t\t\t<\/span>\n\t\t<\/div>\n\t\t\t\t<\/div>\n\t\t\t\t<\/div>\n\t\t\t\t<div class=\"elementor-element elementor-element-8b7834e elementor-widget elementor-widget-gallery\" data-id=\"8b7834e\" data-element_type=\"widget\" data-settings=\"{&quot;gallery_layout&quot;:&quot;justified&quot;,&quot;lazyload&quot;:&quot;yes&quot;,&quot;ideal_row_height&quot;:{&quot;unit&quot;:&quot;px&quot;,&quot;size&quot;:200,&quot;sizes&quot;:[]},&quot;ideal_row_height_tablet&quot;:{&quot;unit&quot;:&quot;px&quot;,&quot;size&quot;:150,&quot;sizes&quot;:[]},&quot;ideal_row_height_mobile&quot;:{&quot;unit&quot;:&quot;px&quot;,&quot;size&quot;:150,&quot;sizes&quot;:[]},&quot;gap&quot;:{&quot;unit&quot;:&quot;px&quot;,&quot;size&quot;:10,&quot;sizes&quot;:[]},&quot;gap_tablet&quot;:{&quot;unit&quot;:&quot;px&quot;,&quot;size&quot;:10,&quot;sizes&quot;:[]},&quot;gap_mobile&quot;:{&quot;unit&quot;:&quot;px&quot;,&quot;size&quot;:10,&quot;sizes&quot;:[]},&quot;link_to&quot;:&quot;file&quot;,&quot;overlay_background&quot;:&quot;yes&quot;,&quot;content_hover_animation&quot;:&quot;fade-in&quot;}\" data-widget_type=\"gallery.default\">\n\t\t\t\t<div class=\"elementor-widget-container\">\n\t\t\t\t\t<div class=\"elementor-gallery__container\">\n\t\t\t\t\t\t\t<a class=\"e-gallery-item elementor-gallery-item elementor-animated-content\" href=\"https:\/\/distepha.com\/wp-content\/uploads\/2021\/04\/cat5.jpg\" data-elementor-open-lightbox=\"yes\" data-elementor-lightbox-slideshow=\"all-8b7834e\" data-elementor-lightbox-title=\"cat5\">\n\t\t\t\t\t<div class=\"e-gallery-image elementor-gallery-item__image\" data-thumbnail=\"https:\/\/distepha.com\/wp-content\/uploads\/2021\/04\/cat5-300x200.jpg\" data-width=\"300\" data-height=\"200\" alt=\"\" ><\/div>\n\t\t\t\t\t\t\t\t\t\t<div class=\"elementor-gallery-item__overlay\"><\/div>\n\t\t\t\t\t\t\t\t\t\t\t\t\t\t<\/a>\n\t\t\t\t\t\t\t<a class=\"e-gallery-item elementor-gallery-item elementor-animated-content\" href=\"https:\/\/distepha.com\/wp-content\/uploads\/2021\/04\/bc093231.jpg\" data-elementor-open-lightbox=\"yes\" data-elementor-lightbox-slideshow=\"all-8b7834e\" data-elementor-lightbox-title=\"bc093231\">\n\t\t\t\t\t<div class=\"e-gallery-image elementor-gallery-item__image\" data-thumbnail=\"https:\/\/distepha.com\/wp-content\/uploads\/2021\/04\/bc093231-300x166.jpg\" data-width=\"300\" data-height=\"166\" alt=\"\" ><\/div>\n\t\t\t\t\t\t\t\t\t\t<div class=\"elementor-gallery-item__overlay\"><\/div>\n\t\t\t\t\t\t\t\t\t\t\t\t\t\t<\/a>\n\t\t\t\t\t\t\t<a class=\"e-gallery-item elementor-gallery-item elementor-animated-content\" href=\"https:\/\/distepha.com\/wp-content\/uploads\/2021\/04\/Porchetta.png\" data-elementor-open-lightbox=\"yes\" data-elementor-lightbox-slideshow=\"all-8b7834e\" data-elementor-lightbox-title=\"Porchetta\">\n\t\t\t\t\t<div class=\"e-gallery-image elementor-gallery-item__image\" data-thumbnail=\"https:\/\/distepha.com\/wp-content\/uploads\/2021\/04\/Porchetta-300x257.png\" data-width=\"300\" data-height=\"257\" alt=\"\" ><\/div>\n\t\t\t\t\t\t\t\t\t\t<div class=\"elementor-gallery-item__overlay\"><\/div>\n\t\t\t\t\t\t\t\t\t\t\t\t\t\t<\/a>\n\t\t\t\t\t\t\t<a class=\"e-gallery-item elementor-gallery-item elementor-animated-content\" href=\"https:\/\/distepha.com\/wp-content\/uploads\/2021\/04\/burger-patties-on-grill-in-flames.jpg\" data-elementor-open-lightbox=\"yes\" data-elementor-lightbox-slideshow=\"all-8b7834e\" data-elementor-lightbox-title=\"burger-patties-on-grill-in-flames\">\n\t\t\t\t\t<div class=\"e-gallery-image elementor-gallery-item__image\" data-thumbnail=\"https:\/\/distepha.com\/wp-content\/uploads\/2021\/04\/burger-patties-on-grill-in-flames-300x220.jpg\" data-width=\"300\" data-height=\"220\" alt=\"\" ><\/div>\n\t\t\t\t\t\t\t\t\t\t<div class=\"elementor-gallery-item__overlay\"><\/div>\n\t\t\t\t\t\t\t\t\t\t\t\t\t\t<\/a>\n\t\t\t\t\t\t\t<a class=\"e-gallery-item elementor-gallery-item elementor-animated-content\" href=\"https:\/\/distepha.com\/wp-content\/uploads\/2021\/04\/cat12.jpg\" data-elementor-open-lightbox=\"yes\" data-elementor-lightbox-slideshow=\"all-8b7834e\" data-elementor-lightbox-title=\"cat12\">\n\t\t\t\t\t<div class=\"e-gallery-image elementor-gallery-item__image\" data-thumbnail=\"https:\/\/distepha.com\/wp-content\/uploads\/2021\/04\/cat12-300x200.jpg\" data-width=\"300\" data-height=\"200\" alt=\"\" ><\/div>\n\t\t\t\t\t\t\t\t\t\t<div class=\"elementor-gallery-item__overlay\"><\/div>\n\t\t\t\t\t\t\t\t\t\t\t\t\t\t<\/a>\n\t\t\t\t\t\t\t<a class=\"e-gallery-item elementor-gallery-item elementor-animated-content\" href=\"https:\/\/distepha.com\/wp-content\/uploads\/2021\/04\/cat6.jpg\" data-elementor-open-lightbox=\"yes\" data-elementor-lightbox-slideshow=\"all-8b7834e\" data-elementor-lightbox-title=\"cat6\">\n\t\t\t\t\t<div class=\"e-gallery-image elementor-gallery-item__image\" data-thumbnail=\"https:\/\/distepha.com\/wp-content\/uploads\/2021\/04\/cat6-300x171.jpg\" data-width=\"300\" data-height=\"171\" alt=\"\" ><\/div>\n\t\t\t\t\t\t\t\t\t\t<div class=\"elementor-gallery-item__overlay\"><\/div>\n\t\t\t\t\t\t\t\t\t\t\t\t\t\t<\/a>\n\t\t\t\t\t\t\t<a class=\"e-gallery-item elementor-gallery-item elementor-animated-content\" href=\"https:\/\/distepha.com\/wp-content\/uploads\/2021\/04\/cat7.jpg\" data-elementor-open-lightbox=\"yes\" data-elementor-lightbox-slideshow=\"all-8b7834e\" data-elementor-lightbox-title=\"cat7\">\n\t\t\t\t\t<div class=\"e-gallery-image elementor-gallery-item__image\" data-thumbnail=\"https:\/\/distepha.com\/wp-content\/uploads\/2021\/04\/cat7-300x181.jpg\" data-width=\"300\" data-height=\"181\" alt=\"\" ><\/div>\n\t\t\t\t\t\t\t\t\t\t<div class=\"elementor-gallery-item__overlay\"><\/div>\n\t\t\t\t\t\t\t\t\t\t\t\t\t\t<\/a>\n\t\t\t\t\t\t\t<a class=\"e-gallery-item elementor-gallery-item elementor-animated-content\" href=\"https:\/\/distepha.com\/wp-content\/uploads\/2021\/04\/cat8.jpg\" data-elementor-open-lightbox=\"yes\" data-elementor-lightbox-slideshow=\"all-8b7834e\" data-elementor-lightbox-title=\"cat8\">\n\t\t\t\t\t<div class=\"e-gallery-image elementor-gallery-item__image\" data-thumbnail=\"https:\/\/distepha.com\/wp-content\/uploads\/2021\/04\/cat8-300x225.jpg\" data-width=\"300\" data-height=\"225\" alt=\"\" ><\/div>\n\t\t\t\t\t\t\t\t\t\t<div class=\"elementor-gallery-item__overlay\"><\/div>\n\t\t\t\t\t\t\t\t\t\t\t\t\t\t<\/a>\n\t\t\t\t\t\t\t<a class=\"e-gallery-item elementor-gallery-item elementor-animated-content\" href=\"https:\/\/distepha.com\/wp-content\/uploads\/2021\/04\/cat10.jpg\" data-elementor-open-lightbox=\"yes\" data-elementor-lightbox-slideshow=\"all-8b7834e\" data-elementor-lightbox-title=\"cat10\">\n\t\t\t\t\t<div class=\"e-gallery-image elementor-gallery-item__image\" data-thumbnail=\"https:\/\/distepha.com\/wp-content\/uploads\/2021\/04\/cat10-300x169.jpg\" data-width=\"300\" data-height=\"169\" alt=\"\" ><\/div>\n\t\t\t\t\t\t\t\t\t\t<div class=\"elementor-gallery-item__overlay\"><\/div>\n\t\t\t\t\t\t\t\t\t\t\t\t\t\t<\/a>\n\t\t\t\t\t\t\t<a class=\"e-gallery-item elementor-gallery-item elementor-animated-content\" href=\"https:\/\/distepha.com\/wp-content\/uploads\/2021\/04\/cat11.jpg\" data-elementor-open-lightbox=\"yes\" data-elementor-lightbox-slideshow=\"all-8b7834e\" data-elementor-lightbox-title=\"cat11\">\n\t\t\t\t\t<div class=\"e-gallery-image elementor-gallery-item__image\" data-thumbnail=\"https:\/\/distepha.com\/wp-content\/uploads\/2021\/04\/cat11-300x200.jpg\" data-width=\"300\" data-height=\"200\" alt=\"\" ><\/div>\n\t\t\t\t\t\t\t\t\t\t<div class=\"elementor-gallery-item__overlay\"><\/div>\n\t\t\t\t\t\t\t\t\t\t\t\t\t\t<\/a>\n\t\t\t\t\t<\/div>\n\t\t\t<\/div>\n\t\t\t\t<\/div>\n\t\t\t\t\t\t<\/div>\n\t\t\t\t\t<\/div>\n\t\t<\/div>\n\t\t\t\t\t\t\t\t<\/div>\n\t\t\t\t\t<\/div>\n\t\t<\/section>\n\t\t\t\t\t\t<\/div>\n\t\t\t\t\t\t<\/div>\n\t\t\t\t\t<\/div>\n\t\t","protected":false},"excerpt":{"rendered":"<p>Vous organisez une f\u00eate de famille ou de confirmation ?Vous voulez f\u00eater votre anniversaire et avoir enfin du temps pour vos invit\u00e9s ?Dans ce cas, notre offre de restauration pourrait bien \u00eatre la bonne pour vous.Nous organisons votre c\u00e9l\u00e9bration avec vous et pouvons servir les plats mentionn\u00e9s pr\u00e9c\u00e9demment directement depuis notre food truck,ou nous les [&hellip;]<\/p>\n","protected":false},"author":1,"featured_media":0,"parent":0,"menu_order":0,"comment_status":"closed","ping_status":"closed","template":"elementor_header_footer","meta":[],"_links":{"self":[{"href":"https:\/\/distepha.com\/index.php?rest_route=\/wp\/v2\/pages\/3333"}],"collection":[{"href":"https:\/\/distepha.com\/index.php?rest_route=\/wp\/v2\/pages"}],"about":[{"href":"https:\/\/distepha.com\/index.php?rest_route=\/wp\/v2\/types\/page"}],"author":[{"embeddable":true,"href":"https:\/\/distepha.com\/index.php?rest_route=\/wp\/v2\/users\/1"}],"replies":[{"embeddable":true,"href":"https:\/\/distepha.com\/index.php?rest_route=%2Fwp%2Fv2%2Fcomments&post=3333"}],"version-history":[{"count":4,"href":"https:\/\/distepha.com\/index.php?rest_route=\/wp\/v2\/pages\/3333\/revisions"}],"predecessor-version":[{"id":3337,"href":"https:\/\/distepha.com\/index.php?rest_route=\/wp\/v2\/pages\/3333\/revisions\/3337"}],"wp:attachment":[{"href":"https:\/\/distepha.com\/index.php?rest_route=%2Fwp%2Fv2%2Fmedia&parent=3333"}],"curies":[{"name":"wp","href":"https:\/\/api.w.org\/{rel}","templated":true}]}}